{"id":4,"date":"2019-07-11T15:32:41","date_gmt":"2019-07-11T13:32:41","guid":{"rendered":"http:\/\/bluehendes-igensdorf.de\/?page_id=4"},"modified":"2019-08-07T14:14:05","modified_gmt":"2019-08-07T12:14:05","slug":"ueber-uns","status":"publish","type":"page","link":"https:\/\/bluehendes-igensdorf.de\/","title":{"rendered":"\u00dcber uns"},"content":{"rendered":"\n<h3 class=\"wp-block-heading\">Wer sind wir?<\/h3>\n\n\n\n<p>Die Initiative bl\u00fchendes Igensdorf dient der F\u00f6rderung der Artenvielfalt vor allem im Bereich der bl\u00fctenbesuchenden Insekten und wurde 2018 ins Leben gerufen. Sie besteht aus B\u00fcrgern und Organisationen aus der Marktgemeinde Igensdorf. <\/p>\n\n\n\n<h4 class=\"wp-block-heading\"><strong>Lokal &#8211; unabh\u00e4ngig &#8211; \u00fcberparteilich<\/strong><\/h4>\n\n\n\n<p>Da es uns ausschlie\u00dflich um die Sache geht, also die Artenvielfalt in unserem Gemeindegebiet zu f\u00f6rdern, haben wir uns dazu entschieden, &#8222;bei Null&#8220; anzufangen und uns keiner bestehenden Aktion dieser Art anzuschlie\u00dfen. Wir arbeiten dazu sehr gerne mit Personen oder Organisationen zusammen, die \u00e4hnliche Ziele verfolgen. Eine Instrumentalisierung irgendeiner Art oder durch eine politische Richtung schlie\u00dfen wir damit aber aus. Uns geht es einzig und allein darum, ein Leben von Insekten und Menschen nebeneinander zu erm\u00f6glichen und die Lebensr\u00e4ume beider zu respektieren.<\/p>\n\n\n\n<p>Unsere Vorgehensweise unterscheidet sich auch dadurch von anderen, dass wir ein gemeinsames Vorgehen aller gesellschaftlichen Gruppen in unserer Gemeinde anstreben, gepr\u00e4gt von den gemeinsamen Fortschritten. Jeder ist gefordert, und jeder kann gleicherma\u00dfen seinen anteiligen Beitrag leisten.<\/p>\n\n\n\n<h3 class=\"wp-block-heading\">Warum machen wir das?<\/h3>\n\n\n\n<h4 class=\"wp-block-heading\"><strong>Artensterben &#8211; eine der gro\u00dfen Herausforderungen unserer Zeit<\/strong><\/h4>\n\n\n\n<p>Neben der durch den Menschen verursachten Klimakrise ist das aktuelle  (ebenfalls durch den Menschen verursachte) Artensterben eine der gro\u00dfen Herausforderungen unserer Zeit. Wir sto\u00dfen zunehmend und dramatisch schnell an die Grenzen unseres Planeten  und bekommen es durch diese Auswirkungen direkt vor Augen gef\u00fchrt.<\/p>\n\n\n\n<p>Als Hauptursachen f\u00fcr das Artensterben werden in Studien (z.B. <a href=\"https:\/\/doi.org\/10.1371\/journal.pone.0185809\">https:\/\/doi.org\/10.1371\/journal.pone.0185809<\/a>) oft die zunehmende Fl\u00e4chenversiegelung, die Intensivierung der Landwirtschaft und nicht zuletzt die schnelle Erderw\u00e4rmung angef\u00fchrt. <\/p>\n","protected":false},"excerpt":{"rendered":"<p>Wer sind wir? Die Initiative bl\u00fchendes Igensdorf dient der F\u00f6rderung der Artenvielfalt vor allem im Bereich der bl\u00fctenbesuchenden Insekten und wurde 2018 ins Leben gerufen. Sie besteht aus B\u00fcrgern und Organisationen aus der Marktgemeinde Igensdorf. Lokal &#8211; unabh\u00e4ngig &#8211; \u00fcberparteilich Da es uns ausschlie\u00dflich um die Sache geht, also die Artenvielfalt in unserem Gemeindegebiet zu &hellip; <\/p>\n<p class=\"link-more\"><a href=\"https:\/\/bluehendes-igensdorf.de\/\" class=\"more-link\"><span class=\"screen-reader-text\">\u201e\u00dcber uns\u201c<\/span> weiterlesen<\/a><\/p>\n","protected":false},"author":1,"featured_media":0,"parent":0,"menu_order":0,"comment_status":"closed","ping_status":"closed","template":"","meta":{"footnotes":""},"class_list":["post-4","page","type-page","status-publish","hentry"],"_links":{"self":[{"href":"https:\/\/bluehendes-igensdorf.de\/index.php?rest_route=\/wp\/v2\/pages\/4","targetHints":{"allow":["GET"]}}],"collection":[{"href":"https:\/\/bluehendes-igensdorf.de\/index.php?rest_route=\/wp\/v2\/pages"}],"about":[{"href":"https:\/\/bluehendes-igensdorf.de\/index.php?rest_route=\/wp\/v2\/types\/page"}],"author":[{"embeddable":true,"href":"https:\/\/bluehendes-igensdorf.de\/index.php?rest_route=\/wp\/v2\/users\/1"}],"replies":[{"embeddable":true,"href":"https:\/\/bluehendes-igensdorf.de\/index.php?rest_route=%2Fwp%2Fv2%2Fcomments&post=4"}],"version-history":[{"count":16,"href":"https:\/\/bluehendes-igensdorf.de\/index.php?rest_route=\/wp\/v2\/pages\/4\/revisions"}],"predecessor-version":[{"id":147,"href":"https:\/\/bluehendes-igensdorf.de\/index.php?rest_route=\/wp\/v2\/pages\/4\/revisions\/147"}],"wp:attachment":[{"href":"https:\/\/bluehendes-igensdorf.de\/index.php?rest_route=%2Fwp%2Fv2%2Fmedia&parent=4"}],"curies":[{"name":"wp","href":"https:\/\/api.w.org\/{rel}","templated":true}]}}